{"id":860,"date":"2017-04-03T19:41:32","date_gmt":"2017-04-03T19:41:32","guid":{"rendered":"http:\/\/dev.montrealenhistoires.com\/politique-de-confidentialite\/"},"modified":"2017-07-13T19:22:18","modified_gmt":"2017-07-13T19:22:18","slug":"politique-de-confidentialite","status":"publish","type":"page","link":"https:\/\/www.montrealenhistoires.com\/en\/politique-de-confidentialite\/","title":{"rendered":"PRIVACY POLICY"},"content":{"rendered":"<div class='anchorbar' style='background-color:#f4f5f6'>\n<a href='#'><\/a>\n<\/div><div class='anchorbar-after'><\/div>\n<div class='flex_column_table av-av_one_fourth-05bd4c9c8ccfe95e267b6037d575e8c8 sc-av_one_fourth av-equal-height-column-flextable'>\n<style type=\"text\/css\" data-created_by=\"avia_inline_auto\" id=\"style-css-av-av_one_fourth-05bd4c9c8ccfe95e267b6037d575e8c8\">\n.flex_column.av-av_one_fourth-05bd4c9c8ccfe95e267b6037d575e8c8{\nborder-radius:0px 0px 0px 0px;\npadding:0px 0px 0px 0px;\nbackground-color:#e7e7e8;\n}\n<\/style>\n<div  class='flex_column av-av_one_fourth-05bd4c9c8ccfe95e267b6037d575e8c8 av_one_fourth  avia-builder-el-1  el_after_meh_anchorbar  el_before_av_three_fourth  first no_margin flex_column_table_cell av-equal-height-column av-align-top av-zero-column-padding  '     ><p>\n<style type=\"text\/css\" data-created_by=\"avia_inline_auto\" id=\"style-css-av-av_hr-f0b8c7cae58f65106fd198a5f68c56f7\">\n#top .hr.hr-invisible.av-av_hr-f0b8c7cae58f65106fd198a5f68c56f7{\nheight:5px;\n}\n<\/style>\n<div  class='hr av-av_hr-f0b8c7cae58f65106fd198a5f68c56f7 hr-invisible  avia-builder-el-2  el_before_av_heading  avia-builder-el-first '><span class='hr-inner '><span class=\"hr-inner-style\"><\/span><\/span><\/div><br \/>\n\n<style type=\"text\/css\" data-created_by=\"avia_inline_auto\" id=\"style-css-av-av_heading-b6216fa551ae18928d79d2d05d0cb3ba\">\n#top .av-special-heading.av-av_heading-b6216fa551ae18928d79d2d05d0cb3ba{\npadding-bottom:10px;\ncolor:#0a0a0a;\n}\nbody .av-special-heading.av-av_heading-b6216fa551ae18928d79d2d05d0cb3ba .av-special-heading-tag .heading-char{\nfont-size:25px;\n}\n.av-special-heading.av-av_heading-b6216fa551ae18928d79d2d05d0cb3ba .special-heading-inner-border{\nborder-color:#0a0a0a;\n}\n.av-special-heading.av-av_heading-b6216fa551ae18928d79d2d05d0cb3ba .av-subheading{\nfont-size:15px;\n}\n<\/style>\n<div  class='av-special-heading av-av_heading-b6216fa551ae18928d79d2d05d0cb3ba av-special-heading-h2 custom-color-heading blockquote modern-quote  avia-builder-el-3  el_after_av_hr  avia-builder-el-last '><h2 class='av-special-heading-tag '  itemprop=\"headline\"  >PRIVACY POLICY<\/h2><div class=\"special-heading-border\"><div class=\"special-heading-inner-border\"><\/div><\/div><\/div><\/p><\/div>\n\n<style type=\"text\/css\" data-created_by=\"avia_inline_auto\" id=\"style-css-av-av_three_fourth-76f9ca3239a6dd8df312959d2ff3cc90\">\n.flex_column.av-av_three_fourth-76f9ca3239a6dd8df312959d2ff3cc90{\nborder-radius:0px 0px 0px 0px;\npadding:0px 0px 0px 0px;\nbackground-color:#d1d2d4;\n}\n<\/style>\n<div  class='flex_column av-av_three_fourth-76f9ca3239a6dd8df312959d2ff3cc90 av_three_fourth  avia-builder-el-4  el_after_av_one_fourth  avia-builder-el-last  no_margin flex_column_table_cell av-equal-height-column av-align-top av-zero-column-padding  '     ><p>\n<style type=\"text\/css\" data-created_by=\"avia_inline_auto\" id=\"style-css-av-av_hr-d06977653cd9f68df025cad71e701c8f\">\n#top .hr.hr-invisible.av-av_hr-d06977653cd9f68df025cad71e701c8f{\nheight:40px;\n}\n<\/style>\n<div  class='hr av-av_hr-d06977653cd9f68df025cad71e701c8f hr-invisible  avia-builder-el-5  el_before_av_textblock  avia-builder-el-first '><span class='hr-inner '><span class=\"hr-inner-style\"><\/span><\/span><\/div><br \/>\n\n<style type=\"text\/css\" data-created_by=\"avia_inline_auto\" id=\"style-css-av-av_textblock-d79e01513d8b3becc57dd5efe89e5715\">\n#top .av_textblock_section.av-av_textblock-d79e01513d8b3becc57dd5efe89e5715 .avia_textblock{\ncolor:#000000;\n}\n<\/style>\n<section  class='av_textblock_section av-av_textblock-d79e01513d8b3becc57dd5efe89e5715 '   itemscope=\"itemscope\" itemtype=\"https:\/\/schema.org\/CreativeWork\" ><div class='avia_textblock av_inherit_color'  itemprop=\"text\" ><div class=\"row\">\n<div class=\"col-md-12\">\n<h3>LEGAL NOTICE<\/h3>\n<p>A. Intellectual Property<br \/>\nB. Privacy Policy (applicable namely to the newsletter)<br \/>\nC. Liability Disclaimer<br \/>\nD. Rules of Conduct<\/p>\n<\/div>\n<\/div>\n<div class=\"row padded-row\">\n<div class=\"col-md-12\">\n<h3>INTELLECTUAL PROPERTY<\/h3>\n<p>MONTR\u00c9AL EN HISTOIRES owns the intellectual property rights to all content on the site as well as its \u201clook and feel\u201d. The site is intended for personal use; it may not be reproduced, distributed, transmitted, displayed, published or broadcasted for any other purpose without the written consent of MONTR\u00c9AL EN HISTOIRES.<\/p>\n<p>All the other trade-marks of MONTR\u00c9AL EN HISTOIRES belong to MONTR\u00c9AL EN HISTOIRES and are protected under the current Canadian legislation. You may not use them without the authorization of MONTR\u00c9AL EN HISTOIRES. All other trade-marks or company names that appear on our site belong to their owners. You may not use them without the authorization of the said owners.<\/p>\n<\/div>\n<\/div>\n<div class=\"row padded-row\">\n<div class=\"col-md-12\">\n<h3>PRIVACY POLICY<\/h3>\n<p>The site may contain blog, information groups or any types of on-line forums. The personal information provided on the forums become public information and may be used by all. Also, the user must be careful if he envisages providing personal information with respect to this type of service.<\/p>\n<h5>TERMS OF USE<\/h5>\n<p>MONTR\u00c9AL EN HISTOIRES\u2019 policy on the protection of personal information is based on a legislation in force in Canada.<\/p>\n<p>By using this site, you agree to the gathering and use of your personal information by MONTR\u00c9AL EN HISTOIRES in accordance with the terms of this policy. This document must be read entirely. It explains the purpose of collecting such information, what we do with it, and how you could access your own personal information.<\/p>\n<p>MONTR\u00c9AL EN HISTOIRES may modify this policy. All updates of our policy will be posted on this page. By continuing to use this site after we post any changes you are consenting to our use of your information as provided in the modified policy.<\/p>\n<h5>WHAT IS PERSONAL INFORMATION?<\/h5>\n<p>Personal information identifies you as a physical person: name, postal address, telephone number, e-mail address, etc.<\/p>\n<p>Other information, generated by your computer, may identify your computer. We automatically collect this information when you visit the site. Thanks to this electronic information we know, for example, how many people visit our site, without being informed of their names and other information that identifies them physically.<\/p>\n<h5>WHY DO WE COLLECT PERSONAL INFORMATION?<\/h5>\n<p>It serves to understand your needs to provide the proper services on our site and assists us to design, maintain, manage, improve and provide products and services on the site.<\/p>\n<h5>HOW DO WE COLLECT PERSONAL INFORMATION THAT IDENTIFIES YOU?<\/h5>\n<p>You must provide your name, e-mail address, postal code, password, and other information that we may request (for example: in order to send our newsletter). MONTR\u00c9AL EN HISTOIRES keeps the information and does not send it to any third party.<\/p>\n<p>For example, you personally and voluntarily identify yourself when you participate in promotions and contests.<\/p>\n<p>The personal information is saved only during the period when it is necessary or useful, or as per the requirements of the Personal Information Protection and Electronic Documents Act. MONTR\u00c9AL EN HISTOIRES has established conservation and destruction measures for personal information that is no longer necessary as prescribed by the law.<\/p>\n<h5>PERSONAL INFORMATION COLLECTED BY ORGANIZATIONS OTHER THAN MONTR\u00c9AL EN HISTOIRES<\/h5>\n<p>The site contains advertisement and contents provided by companies and organizations that are independent from MONTR\u00c9AL EN HISTOIRES. These companies and organizations have personal information protection policies that may differ from those of MONTR\u00c9AL EN HISTOIRES. If you use or purchase products or services from these companies and organizations, MONTR\u00c9AL EN HISTOIRES is not responsible for any dealings related thereto and for the manner in which your personal information may be used.<\/p>\n<p>Your personal information will not be shared with any third party without your consent.<\/p>\n<h5>WHO CONTROLS YOUR PERSONAL INFORMATION?<\/h5>\n<p>Your information is managed by MONTR\u00c9AL EN HISTOIRES\u2019 customer services employees who are responsible for the management of the personal information. You may contact them at any time by using the \u201cContact Us\u201d Section. A customer service representative may contact you to verify and correct, if necessary, the personal information you have provided.<\/p>\n<h5>SECURITY<\/h5>\n<p>If you wish to view, correct or delete the personal information collected about you, please send an e-mail to: <a href=\"mailto:info@quartierdesspectacles.com\">info@quartierdesspectacles.com<\/a> or write to MONTR\u00c9AL EN HISTOIRES, 1435, St. Alexandre Street, Suite 500, Montr\u00e9al (Qu\u00e9bec) H3A 2G4.<\/p>\n<h5><\/h5>\n<\/div>\n<\/div>\n<div class=\"row padded-row\">\n<div class=\"col-md-12\">\n<h3>LIABILITY DISCLAIMER<\/h3>\n<p>The user expressly recognizes that the use of the site is at own risks and that the site is provided as it is without any other warranty. Without limiting the generality, MONTR\u00c9AL EN HISTOIRES dismisses any warranty related to the marketable value of the site, the satisfaction of the user or his or her capacity to reply to a specific use.<\/p>\n<p>The user will assume all risks relating to a loss of the benefits, data loss, errors, commercial information loss or any other loss resulting from the use of this site.<\/p>\n<p>Furthermore, MONTR\u00c9AL EN HISTOIRES does not provide any warranty regarding the information or data entered in the site or their accuracy, completeness or up-dating in all aspects including with regards to the calendars, prices of the shows, programming in connection with the theatres or auditorium. MONTR\u00c9AL EN HISTOIRES is not responsible for technical glitches or virus or any other matters, copyright protection, moral rights and others regarding the materials displayed on the site by the promoters or by the operators of the shows.<\/p>\n<p>The user of this site is bound by all the costs and all the risks related to the use of this site. MONTR\u00c9AL EN HISTOIRES is not responsible for damages, direct or indirect, and\/or of any other nature resulting from the use or the functioning of this site or originating from the use or the impossibility to use the site even if MONTR\u00c9AL EN HISTOIRES had been advised of the eventual problem.<\/p>\n<h5>LINKS TO THIRD PARTY SITES<\/h5>\n<p>This site may contain links to third parties Web sites which are not under the control of MONTR\u00c9AL EN HISTOIRES and which do not imply endorsement by MONTR\u00c9AL EN HISTOIRES of the linked sites. MONTR\u00c9AL EN HISTOIRES is not responsible for webcasting or any other form of transmission received from any linked site or any other problem related to these sites. The user is responsible for viewing and abiding by the privacy statements and terms of use posted at the linked sites. Any dealing with third parties (including advertisers) included within the sites or participation in promotions, including the delivery of and the payment for goods and services, and any other terms, conditions, warranties or representations associated with such dealings or promotions, are solely between you and the advertiser or other third party. MONTR\u00c9AL EN HISTOIRES is not responsible or liable for any part of any such dealings or promotions. It is highly recommended that you read the current policy before using such linked sites.<\/p>\n<\/div>\n<\/div>\n<div class=\"row padded-row\">\n<div class=\"col-md-12\">\n<h3>RULES OF CONDUCT<\/h3>\n<p>The user guarantees that it will not use the site nor the proposed services to unlawful ends and commit himself to comply with the applicable laws and regulations in force. The user will be responsible for the damages caused to MONTR\u00c9AL EN HISTOIRES or to third parties, due to a use of the site and of the proposed services. In case of any breach by the user of these obligations, MONTR\u00c9AL EN HISTOIRES reserves the right to take any legal action in order to cease the breach in question and to seek damages.<\/p>\n<\/div>\n<\/div>\n<\/div><\/section><\/p><\/div><\/div><!--close column table wrapper. Autoclose: 1 -->\n","protected":false},"excerpt":{"rendered":"","protected":false},"author":1,"featured_media":0,"parent":0,"menu_order":0,"comment_status":"closed","ping_status":"closed","template":"","meta":{"footnotes":""},"class_list":["post-860","page","type-page","status-publish","hentry"],"yoast_head":"<!-- This site is optimized with the Yoast SEO plugin v27.4 - https:\/\/yoast.com\/product\/yoast-seo-wordpress\/ -->\n<title>PRIVACY POLICY - Montr\u00e9al en Histoires<\/title>\n<meta name=\"description\" content=\"Privacy policy Legal notice Intellectual property Liability disclaimer Rules of conduct Terms of use Personal information Third party sites Rules of conduct\" \/>\n<meta name=\"robots\" content=\"index, follow, max-snippet:-1, max-image-preview:large, max-video-preview:-1\" \/>\n<link rel=\"canonical\" href=\"https:\/\/www.montrealenhistoires.com\/en\/politique-de-confidentialite\/\" \/>\n<meta property=\"og:locale\" content=\"en_US\" \/>\n<meta property=\"og:type\" content=\"article\" \/>\n<meta property=\"og:title\" content=\"PRIVACY POLICY - Montr\u00e9al en Histoires\" \/>\n<meta property=\"og:description\" content=\"Privacy policy Legal notice Intellectual property Liability disclaimer Rules of conduct Terms of use Personal information Third party sites Rules of conduct\" \/>\n<meta property=\"og:url\" content=\"https:\/\/www.montrealenhistoires.com\/en\/politique-de-confidentialite\/\" \/>\n<meta property=\"og:site_name\" content=\"Montr\u00e9al en Histoires\" \/>\n<meta property=\"article:publisher\" content=\"https:\/\/www.facebook.com\/MontrealEnHistoires\" \/>\n<meta property=\"article:modified_time\" content=\"2017-07-13T19:22:18+00:00\" \/>\n<meta name=\"twitter:card\" content=\"summary_large_image\" \/>\n<meta name=\"twitter:site\" content=\"@MTLenHistoires\" \/>\n<meta name=\"twitter:label1\" content=\"Est. reading time\" \/>\n\t<meta name=\"twitter:data1\" content=\"8 minutes\" \/>\n<script type=\"application\/ld+json\" class=\"yoast-schema-graph\">{\"@context\":\"https:\\\/\\\/schema.org\",\"@graph\":[{\"@type\":\"WebPage\",\"@id\":\"https:\\\/\\\/www.montrealenhistoires.com\\\/en\\\/politique-de-confidentialite\\\/\",\"url\":\"https:\\\/\\\/www.montrealenhistoires.com\\\/en\\\/politique-de-confidentialite\\\/\",\"name\":\"PRIVACY POLICY - Montr\u00e9al en Histoires\",\"isPartOf\":{\"@id\":\"https:\\\/\\\/www.montrealenhistoires.com\\\/en\\\/#website\"},\"datePublished\":\"2017-04-03T19:41:32+00:00\",\"dateModified\":\"2017-07-13T19:22:18+00:00\",\"description\":\"Privacy policy Legal notice Intellectual property Liability disclaimer Rules of conduct Terms of use Personal information Third party sites Rules of conduct\",\"breadcrumb\":{\"@id\":\"https:\\\/\\\/www.montrealenhistoires.com\\\/en\\\/politique-de-confidentialite\\\/#breadcrumb\"},\"inLanguage\":\"en-US\",\"potentialAction\":[{\"@type\":\"ReadAction\",\"target\":[\"https:\\\/\\\/www.montrealenhistoires.com\\\/en\\\/politique-de-confidentialite\\\/\"]}]},{\"@type\":\"BreadcrumbList\",\"@id\":\"https:\\\/\\\/www.montrealenhistoires.com\\\/en\\\/politique-de-confidentialite\\\/#breadcrumb\",\"itemListElement\":[{\"@type\":\"ListItem\",\"position\":1,\"name\":\"Accueil\",\"item\":\"https:\\\/\\\/www.montrealenhistoires.com\\\/en\\\/accueil\\\/\"},{\"@type\":\"ListItem\",\"position\":2,\"name\":\"PRIVACY POLICY\"}]},{\"@type\":\"WebSite\",\"@id\":\"https:\\\/\\\/www.montrealenhistoires.com\\\/en\\\/#website\",\"url\":\"https:\\\/\\\/www.montrealenhistoires.com\\\/en\\\/\",\"name\":\"Montr\u00e9al en Histoires\",\"description\":\"Des parcours techno-historiques\",\"potentialAction\":[{\"@type\":\"SearchAction\",\"target\":{\"@type\":\"EntryPoint\",\"urlTemplate\":\"https:\\\/\\\/www.montrealenhistoires.com\\\/en\\\/?s={search_term_string}\"},\"query-input\":{\"@type\":\"PropertyValueSpecification\",\"valueRequired\":true,\"valueName\":\"search_term_string\"}}],\"inLanguage\":\"en-US\"}]}<\/script>\n<!-- \/ Yoast SEO plugin. -->","yoast_head_json":{"title":"PRIVACY POLICY - Montr\u00e9al en Histoires","description":"Privacy policy Legal notice Intellectual property Liability disclaimer Rules of conduct Terms of use Personal information Third party sites Rules of conduct","robots":{"index":"index","follow":"follow","max-snippet":"max-snippet:-1","max-image-preview":"max-image-preview:large","max-video-preview":"max-video-preview:-1"},"canonical":"https:\/\/www.montrealenhistoires.com\/en\/politique-de-confidentialite\/","og_locale":"en_US","og_type":"article","og_title":"PRIVACY POLICY - Montr\u00e9al en Histoires","og_description":"Privacy policy Legal notice Intellectual property Liability disclaimer Rules of conduct Terms of use Personal information Third party sites Rules of conduct","og_url":"https:\/\/www.montrealenhistoires.com\/en\/politique-de-confidentialite\/","og_site_name":"Montr\u00e9al en Histoires","article_publisher":"https:\/\/www.facebook.com\/MontrealEnHistoires","article_modified_time":"2017-07-13T19:22:18+00:00","twitter_card":"summary_large_image","twitter_site":"@MTLenHistoires","twitter_misc":{"Est. reading time":"8 minutes"},"schema":{"@context":"https:\/\/schema.org","@graph":[{"@type":"WebPage","@id":"https:\/\/www.montrealenhistoires.com\/en\/politique-de-confidentialite\/","url":"https:\/\/www.montrealenhistoires.com\/en\/politique-de-confidentialite\/","name":"PRIVACY POLICY - Montr\u00e9al en Histoires","isPartOf":{"@id":"https:\/\/www.montrealenhistoires.com\/en\/#website"},"datePublished":"2017-04-03T19:41:32+00:00","dateModified":"2017-07-13T19:22:18+00:00","description":"Privacy policy Legal notice Intellectual property Liability disclaimer Rules of conduct Terms of use Personal information Third party sites Rules of conduct","breadcrumb":{"@id":"https:\/\/www.montrealenhistoires.com\/en\/politique-de-confidentialite\/#breadcrumb"},"inLanguage":"en-US","potentialAction":[{"@type":"ReadAction","target":["https:\/\/www.montrealenhistoires.com\/en\/politique-de-confidentialite\/"]}]},{"@type":"BreadcrumbList","@id":"https:\/\/www.montrealenhistoires.com\/en\/politique-de-confidentialite\/#breadcrumb","itemListElement":[{"@type":"ListItem","position":1,"name":"Accueil","item":"https:\/\/www.montrealenhistoires.com\/en\/accueil\/"},{"@type":"ListItem","position":2,"name":"PRIVACY POLICY"}]},{"@type":"WebSite","@id":"https:\/\/www.montrealenhistoires.com\/en\/#website","url":"https:\/\/www.montrealenhistoires.com\/en\/","name":"Montr\u00e9al en Histoires","description":"Des parcours techno-historiques","potentialAction":[{"@type":"SearchAction","target":{"@type":"EntryPoint","urlTemplate":"https:\/\/www.montrealenhistoires.com\/en\/?s={search_term_string}"},"query-input":{"@type":"PropertyValueSpecification","valueRequired":true,"valueName":"search_term_string"}}],"inLanguage":"en-US"}]}},"_links":{"self":[{"href":"https:\/\/www.montrealenhistoires.com\/en\/wp-json\/wp\/v2\/pages\/860","targetHints":{"allow":["GET"]}}],"collection":[{"href":"https:\/\/www.montrealenhistoires.com\/en\/wp-json\/wp\/v2\/pages"}],"about":[{"href":"https:\/\/www.montrealenhistoires.com\/en\/wp-json\/wp\/v2\/types\/page"}],"author":[{"embeddable":true,"href":"https:\/\/www.montrealenhistoires.com\/en\/wp-json\/wp\/v2\/users\/1"}],"replies":[{"embeddable":true,"href":"https:\/\/www.montrealenhistoires.com\/en\/wp-json\/wp\/v2\/comments?post=860"}],"version-history":[{"count":7,"href":"https:\/\/www.montrealenhistoires.com\/en\/wp-json\/wp\/v2\/pages\/860\/revisions"}],"predecessor-version":[{"id":2130,"href":"https:\/\/www.montrealenhistoires.com\/en\/wp-json\/wp\/v2\/pages\/860\/revisions\/2130"}],"wp:attachment":[{"href":"https:\/\/www.montrealenhistoires.com\/en\/wp-json\/wp\/v2\/media?parent=860"}],"curies":[{"name":"wp","href":"https:\/\/api.w.org\/{rel}","templated":true}]}}